{"id":7048,"date":"2025-04-28T14:52:37","date_gmt":"2025-04-28T12:52:37","guid":{"rendered":"https:\/\/distributedmedical.com\/?page_id=7048"},"modified":"2026-03-05T11:02:17","modified_gmt":"2026-03-05T10:02:17","slug":"mariebo2","status":"publish","type":"page","link":"https:\/\/www.distributedmedical.com\/se\/stories\/mariebo2\/","title":{"rendered":"Ber\u00e4ttelser &#8211; Marie och Bo 2"},"content":{"rendered":"<p>[et_pb_section fb_built=&#8221;1&#8243; custom_padding_last_edited=&#8221;on|phone&#8221; _builder_version=&#8221;4.4.1&#8243; background_color=&#8221;#1e73be&#8221; custom_margin=&#8221;||0px||false|false&#8221; custom_padding=&#8221;60px||0px||false|false&#8221; custom_padding_tablet=&#8221;50px||||false|false&#8221; custom_padding_phone=&#8221;&#8221;][et_pb_row _builder_version=&#8221;4.4.1&#8243; custom_margin=&#8221;0px||0px||false|false&#8221; custom_padding=&#8221;0px||0px||false|false&#8221;][et_pb_column type=&#8221;4_4&#8243; _builder_version=&#8221;4.4.1&#8243;][et_pb_text _builder_version=&#8221;4.4.1&#8243; background_layout=&#8221;dark&#8221; custom_margin=&#8221;||0px||false|false&#8221; custom_padding=&#8221;||0px||false|false&#8221;]<\/p>\n<h3>Ber\u00e4ttelser fr\u00e5n v\u00e5ra anv\u00e4ndare<\/h3>\n<p>[\/et_pb_text][et_pb_text _builder_version=&#8221;4.4.1&#8243; background_layout=&#8221;dark&#8221; custom_margin=&#8221;||10px||false|false&#8221; custom_padding=&#8221;||0px||false|false&#8221;]Ibland har vi anv\u00e4ndningsomr\u00e5den eller kunder som vi \u00e4r extra stolta \u00f6ver och glada att f\u00e5 arbeta med. Det kan handla om l\u00f6sningar eller anv\u00e4ndare som vi upplever som s\u00e4rskilt kreativa, smarta eller framtidsinriktade. Det kan ocks\u00e5 vara feedback som har gjort oss extra glada. Nedan delar vi n\u00e5gra exempel p\u00e5 s\u00e5dana ber\u00e4ttelser som vi g\u00e4rna vill lyfta fram [\/et_pb_text][\/et_pb_column][\/et_pb_row][\/et_pb_section][et_pb_section fb_built=&#8221;1&#8243; _builder_version=&#8221;4.4.1&#8243; background_color=&#8221;#ffffff&#8221; custom_padding=&#8221;90px||30px||false|false&#8221; top_divider_style=&#8221;mountains2&#8243; top_divider_color=&#8221;#0c71c3&#8243; top_divider_height=&#8221;80px&#8221; top_divider_flip=&#8221;horizontal&#8221; locked=&#8221;off&#8221;][et_pb_row column_structure=&#8221;1_2,1_2&#8243; _builder_version=&#8221;4.4.1&#8243; custom_margin=&#8221;15px||0px||false|false&#8221; custom_padding=&#8221;0px||0px||false|false&#8221; locked=&#8221;off&#8221;][et_pb_column type=&#8221;1_2&#8243; _builder_version=&#8221;4.4.1&#8243;][et_pb_text _builder_version=&#8221;4.4.1&#8243; custom_margin=&#8221;||0px||false|false&#8221; custom_padding=&#8221;||0px||false|false&#8221;]<\/p>\n<h1><span data-contrast=\"auto\" xml:lang=\"SV-SE\" lang=\"SV-SE\" class=\"TextRun Highlight SCXW54307724 BCX0\"><span class=\"NormalTextRun SCXW54307724 BCX0\">Mobil l\u00f6sning f\u00f6r patients\u00e4ker bilddokumentation skapar effektiva arbetsfl\u00f6den i Region V\u00e4rmland<\/span><\/span><span class=\"EOP SCXW54307724 BCX0\" data-ccp-props=\"{}\">\u00a0<\/span><\/h1>\n<p>[\/et_pb_text][et_pb_text _builder_version=&#8221;4.4.1&#8243; custom_margin=&#8221;0px||||false|false&#8221; custom_padding=&#8221;0px||||false|false&#8221;]<strong>Region V\u00e4rmland har under de senaste \u00e5ren inf\u00f6rt en mobil l\u00f6sning f\u00f6r hantering av patientn\u00e4ra bild- och videounders\u00f6kningar med hj\u00e4lp av systemet VidiView och mobilappen VidiView Capture fr\u00e5n Distributed Medical. L\u00f6sningen fick snabbt stort genomslag och blev en viktig drivkraft f\u00f6r dokumentation av patientunders\u00f6kningar inom flera verksamheter. Regionen lyfter i dag fram systemets flexibilitet och hur det m\u00f6jligg\u00f6r samarbete med s\u00e4ker hantering av bildmaterial. Med VidiView har Region V\u00e4rmland inte bara f\u00e5tt en uppskattad l\u00f6sning f\u00f6r hantering av bild- och videomaterial, utan ocks\u00e5 etablerat en stabil plattform f\u00f6r framtida utveckling och samverkan \u00f6ver verksamhetsgr\u00e4nser. <\/strong><\/p>\n<p>Samarbetet mellan Region V\u00e4rmland och Distributed Medical inleddes 2017, n\u00e4r VidiView Server inf\u00f6rdes som mellanlagring f\u00f6r bild- och videomaterial inom kirurgisk dokumentation. Intresset f\u00f6r VidiView \u00f6kade n\u00e4r den medicintekniska verksamheten s\u00e5g potentialen att \u00e4ven anv\u00e4nda systemet f\u00f6r dokumentation av patientunders\u00f6kningar inom exempelvis \u00f6ron-, n\u00e4s- och halsverksamhet samt cystoskopi. \u00c5r 2018 implementerades VidiView Controller, vilket markerade startpunkten f\u00f6r s\u00e4ker hantering av mediamaterial i unders\u00f6kningsrum inom regionens m\u00e5nga verksamheter. <\/p>\n<p>Det senaste steget i regionens utveckling kom med VidiView Capture. Med Capture fick regionen en mobil l\u00f6sning f\u00f6r patientn\u00e4ra bild- och videounders\u00f6kningar. Appen fick snabbt genomslag, d\u00e4r en avg\u00f6rande faktor var m\u00f6jligheten att dokumentera patientunders\u00f6kningar \u00e4ven p\u00e5 v\u00e5rdcentraler runt om i regionen. Nu kunde personal p\u00e5 operationsavdelningar, mottagningar och v\u00e5rdcentraler anv\u00e4nda samma l\u00f6sning f\u00f6r bild- och videodokumentation. <\/p>\n<p>En av anledningarna till att VidiView \u00e4r s\u00e5 uppskattat \u00e4r systemets flexibilitet. Det kan anv\u00e4ndas i avancerade operationssalar s\u00e5v\u00e4l som i enklare unders\u00f6kningsrum, p\u00e5 v\u00e5rdcentraler och i mobila enheter.<\/p>\n<blockquote><p>&#8220;Det h\u00e4r \u00e4r en l\u00f6sning som verkligen \u00e4r anpassad f\u00f6r hela regionen&#8221;, s\u00e4ger Marie Moberg fr\u00e5n Medicinsk teknik.<\/p><\/blockquote>\n<p>\u00c4ven den medicintekniska verksamheten ser tydliga f\u00f6rdelar med VidiView och sammanfattar sin utv\u00e4rdering av systemet och dess v\u00e4rde f\u00f6r organisationen. Marie och Bo utvecklar: <\/p>\n<blockquote><p>&#8220;Det som framf\u00f6r allt uppskattas ur ett administrativt perspektiv \u00e4r enkelheten i f\u00f6rvaltningen och den direkta kontakten med leverant\u00f6ren, Distributed Medical. Support finns alltid tillg\u00e4nglig och vi f\u00e5r snabb och effektiv hj\u00e4lp n\u00e4r det beh\u00f6vs&#8221;, s\u00e4ger Marie Moberg. <\/p><\/blockquote>\n<p>Men enkelhet \u00e4r inte allt.<\/p>\n<blockquote><p>&#8220;M\u00e5let inom organisationen \u00e4r att VidiView ska bli den gemensamma plattformen f\u00f6r all video- och mediahantering i regionen. P\u00e5 s\u00e5 s\u00e4tt kan vi s\u00e4kerst\u00e4lla att allt videomaterial hanteras patients\u00e4kert och att relevant media finns tillg\u00e4ngligt i patientjournalen&#8221;, s\u00e4ger Bo Nilsson, verksamhetschef f\u00f6r Medicinsk teknik.<\/p><\/blockquote>\n<p>Med VidiView har Region V\u00e4rmland d\u00e4rmed inte bara f\u00e5tt en uppskattad l\u00f6sning f\u00f6r m\u00e5nga typer av patientn\u00e4ra bild- och videounders\u00f6kningar, utan ocks\u00e5 etablerat en tillf\u00f6rlitlig plattform f\u00f6r framtida utveckling och samarbete mellan regionens v\u00e5rdverksamheter. [\/et_pb_text][\/et_pb_column][et_pb_column type=&#8221;1_2&#8243; _builder_version=&#8221;4.4.1&#8243;][et_pb_image src=&#8221;https:\/\/www.distributedmedical.com\/se\/wp-content\/uploads\/2025\/04\/mariebo2.png&#8221; _builder_version=&#8221;4.4.1&#8243;][\/et_pb_image][\/et_pb_column][\/et_pb_row][\/et_pb_section][et_pb_section fb_built=&#8221;1&#8243; _builder_version=&#8221;4.4.1&#8243; background_color=&#8221;#5cbfe9&#8243; custom_padding=&#8221;70px||0px||false|false&#8221; top_divider_style=&#8221;arrow3&#8243; top_divider_color=&#8221;#ffffff&#8221; top_divider_height=&#8221;59px&#8221; top_divider_flip=&#8221;horizontal&#8221; bottom_divider_color=&#8221;#0c71c3&#8243;][et_pb_row column_structure=&#8221;1_2,1_2&#8243; _builder_version=&#8221;4.4.1&#8243;][et_pb_column type=&#8221;1_2&#8243; _builder_version=&#8221;4.4.1&#8243;][et_pb_image src=&#8221;https:\/\/www.distributedmedical.com\/se\/wp-content\/uploads\/2025\/01\/varmland.png&#8221; url=&#8221;\/stories\/sven&#8221; _builder_version=&#8221;4.4.1&#8243; locked=&#8221;off&#8221;][\/et_pb_image][\/et_pb_column][et_pb_column type=&#8221;1_2&#8243; _builder_version=&#8221;4.4.1&#8243;][et_pb_text _builder_version=&#8221;4.4.1&#8243; background_layout=&#8221;dark&#8221; custom_margin=&#8221;||0px||false|false&#8221; custom_padding=&#8221;||0px||false|false&#8221;]<\/p>\n<h1>Region V\u00e4rmland visar v\u00e4gen med bred implementering av medicinsk bildhantering <\/h1>\n<p>[\/et_pb_text][et_pb_text _builder_version=&#8221;4.4.1&#8243; background_layout=&#8221;dark&#8221; custom_margin=&#8221;0px||||false|false&#8221; custom_padding=&#8221;0px||||false|false&#8221;]Genom en omfattande implementering av mjukvarul\u00f6sningen VidiView fr\u00e5n Distributed Medical har Region V\u00e4rmland utvecklat ett banbrytande arbetss\u00e4tt f\u00f6r s\u00e4ker hantering av medicinska bilder. Regionen lyfter nu fram nyttan med satsningen och hur bildmaterial hanteras p\u00e5 ett tryggt, effektivt och strukturerat s\u00e4tt. <\/p>\n<p>Detta arbete kan fungera som en f\u00f6rebild f\u00f6r andra regioner hur bildhantering kan framtidss\u00e4kras, patients\u00e4kerheten st\u00e4rkas och patientremisser f\u00f6rb\u00e4ttras. [\/et_pb_text][et_pb_button button_url=&#8221;\/se\/stories\/mariebo&#8221; button_text=&#8221;L\u00e4s mer&#8221; _builder_version=&#8221;4.4.1&#8243; custom_button=&#8221;on&#8221; button_bg_color=&#8221;#0c71c3&#8243; hover_enabled=&#8221;0&#8243; button_bg_color__hover_enabled=&#8221;on|hover&#8221; button_bg_color__hover=&#8221;#000000&#8243; button_bg_enable_color__hover=&#8221;on&#8221;][\/et_pb_button][\/et_pb_column][\/et_pb_row][\/et_pb_section]<\/p>\n","protected":false},"excerpt":{"rendered":"<p>[et_pb_section fb_built=&#8221;1&#8243; custom_padding_last_edited=&#8221;on|phone&#8221; _builder_version=&#8221;4.4.1&#8243; background_color=&#8221;#1e73be&#8221; custom_margin=&#8221;||0px||false|false&#8221; custom_padding=&#8221;60px||0px||false|false&#8221; custom_padding_tablet=&#8221;50px||||false|false&#8221; custom_padding_phone=&#8221;&#8221;][et_pb_row _builder_version=&#8221;4.4.1&#8243; custom_margin=&#8221;0px||0px||false|false&#8221; custom_padding=&#8221;0px||0px||false|false&#8221;][et_pb_column type=&#8221;4_4&#8243; _builder_version=&#8221;4.4.1&#8243;][et_pb_text _builder_version=&#8221;4.4.1&#8243; background_layout=&#8221;dark&#8221; custom_margin=&#8221;||0px||false|false&#8221; custom_padding=&#8221;||0px||false|false&#8221;] Ber\u00e4ttelser fr\u00e5n v\u00e5ra anv\u00e4ndare [\/et_pb_text][et_pb_text _builder_version=&#8221;4.4.1&#8243; background_layout=&#8221;dark&#8221; custom_margin=&#8221;||10px||false|false&#8221; custom_padding=&#8221;||0px||false|false&#8221;]Ibland har vi anv\u00e4ndningsomr\u00e5den eller kunder som vi \u00e4r extra stolta \u00f6ver och glada att f\u00e5 arbeta med. Det kan handla om l\u00f6sningar eller anv\u00e4ndare som vi upplever som [&hellip;]<\/p>\n","protected":false},"author":1,"featured_media":0,"parent":6773,"menu_order":0,"comment_status":"closed","ping_status":"closed","template":"","meta":{"_et_pb_use_builder":"on","_et_pb_old_content":"","_et_gb_content_width":"","footnotes":""},"class_list":["post-7048","page","type-page","status-publish","hentry"],"_links":{"self":[{"href":"https:\/\/www.distributedmedical.com\/se\/wp-json\/wp\/v2\/pages\/7048","targetHints":{"allow":["GET"]}}],"collection":[{"href":"https:\/\/www.distributedmedical.com\/se\/wp-json\/wp\/v2\/pages"}],"about":[{"href":"https:\/\/www.distributedmedical.com\/se\/wp-json\/wp\/v2\/types\/page"}],"author":[{"embeddable":true,"href":"https:\/\/www.distributedmedical.com\/se\/wp-json\/wp\/v2\/users\/1"}],"replies":[{"embeddable":true,"href":"https:\/\/www.distributedmedical.com\/se\/wp-json\/wp\/v2\/comments?post=7048"}],"version-history":[{"count":13,"href":"https:\/\/www.distributedmedical.com\/se\/wp-json\/wp\/v2\/pages\/7048\/revisions"}],"predecessor-version":[{"id":7370,"href":"https:\/\/www.distributedmedical.com\/se\/wp-json\/wp\/v2\/pages\/7048\/revisions\/7370"}],"up":[{"embeddable":true,"href":"https:\/\/www.distributedmedical.com\/se\/wp-json\/wp\/v2\/pages\/6773"}],"wp:attachment":[{"href":"https:\/\/www.distributedmedical.com\/se\/wp-json\/wp\/v2\/media?parent=7048"}],"curies":[{"name":"wp","href":"https:\/\/api.w.org\/{rel}","templated":true}]}}