{"id":7022,"date":"2025-01-28T11:50:24","date_gmt":"2025-01-28T10:50:24","guid":{"rendered":"https:\/\/distributedmedical.com\/?page_id=7022"},"modified":"2026-03-05T11:01:55","modified_gmt":"2026-03-05T10:01:55","slug":"mariebo","status":"publish","type":"page","link":"https:\/\/www.distributedmedical.com\/se\/stories\/mariebo\/","title":{"rendered":"Ber\u00e4ttelser &#8211; Marie och Bo 1"},"content":{"rendered":"<p>[et_pb_section fb_built=&#8221;1&#8243; custom_padding_last_edited=&#8221;on|phone&#8221; _builder_version=&#8221;4.4.1&#8243; background_color=&#8221;#1e73be&#8221; custom_margin=&#8221;||0px||false|false&#8221; custom_padding=&#8221;60px||0px||false|false&#8221; custom_padding_tablet=&#8221;50px||||false|false&#8221; custom_padding_phone=&#8221;&#8221;][et_pb_row _builder_version=&#8221;4.4.1&#8243; custom_margin=&#8221;0px||0px||false|false&#8221; custom_padding=&#8221;0px||0px||false|false&#8221;][et_pb_column type=&#8221;4_4&#8243; _builder_version=&#8221;4.4.1&#8243;][et_pb_text _builder_version=&#8221;4.4.1&#8243; background_layout=&#8221;dark&#8221; custom_margin=&#8221;||0px||false|false&#8221; custom_padding=&#8221;||0px||false|false&#8221;]<\/p>\n<h3>Ber\u00e4ttelser fr\u00e5n v\u00e5ra anv\u00e4ndare<\/h3>\n<p>[\/et_pb_text][et_pb_text _builder_version=&#8221;4.4.1&#8243; background_layout=&#8221;dark&#8221; custom_margin=&#8221;||10px||false|false&#8221; custom_padding=&#8221;||0px||false|false&#8221;]<\/p>\n<p><span data-contrast=\"auto\" xml:lang=\"SV-SE\" lang=\"SV-SE\" class=\"TextRun Highlight SCXW44542286 BCX0\"><span class=\"NormalTextRun SCXW44542286 BCX0\">Ibland har vi anv\u00e4ndningsomr\u00e5den eller kunder som vi \u00e4r extra stolta \u00f6ver och glada att f\u00e5 arbeta med. Det kan handla om l\u00f6sningar eller anv\u00e4ndare som vi upplever som s\u00e4rskilt kreativa, smarta eller framtidsinriktade. Det kan ocks\u00e5 vara feedback som har gjort oss extra glada. Nedan delar vi n\u00e5gra exempel p\u00e5 s\u00e5dana ber\u00e4ttelser som vi g\u00e4rna vill lyfta fram<\/span><\/span><span class=\"EOP SCXW44542286 BCX0\" data-ccp-props=\"{}\">\u00a0<\/span><\/p>\n<p>[\/et_pb_text][\/et_pb_column][\/et_pb_row][\/et_pb_section][et_pb_section fb_built=&#8221;1&#8243; _builder_version=&#8221;4.4.1&#8243; background_color=&#8221;#ffffff&#8221; custom_padding=&#8221;90px||30px||false|false&#8221; top_divider_style=&#8221;mountains2&#8243; top_divider_color=&#8221;#0c71c3&#8243; top_divider_height=&#8221;80px&#8221; top_divider_flip=&#8221;horizontal&#8221; locked=&#8221;off&#8221;][et_pb_row column_structure=&#8221;1_2,1_2&#8243; _builder_version=&#8221;4.4.1&#8243; custom_margin=&#8221;15px||0px||false|false&#8221; custom_padding=&#8221;0px||0px||false|false&#8221; locked=&#8221;off&#8221;][et_pb_column type=&#8221;1_2&#8243; _builder_version=&#8221;4.4.1&#8243;][et_pb_text _builder_version=&#8221;4.4.1&#8243; custom_margin=&#8221;||0px||false|false&#8221; custom_padding=&#8221;||0px||false|false&#8221;]<\/p>\n<h1><span data-contrast=\"auto\" xml:lang=\"SV-SE\" lang=\"SV-SE\" class=\"TextRun Highlight SCXW114107917 BCX0\"><span class=\"NormalTextRun SCXW114107917 BCX0\">Region V\u00e4rmland visar v\u00e4gen med bred implementering av medicinsk bildhantering<\/span><\/span><\/h1>\n<p>[\/et_pb_text][et_pb_text _builder_version=&#8221;4.4.1&#8243; custom_margin=&#8221;0px||||false|false&#8221; custom_padding=&#8221;0px||||false|false&#8221;]<strong>Genom en omfattande implementering av mjukvarul\u00f6sningen VidiView fr\u00e5n Distributed Medical har Region V\u00e4rmland utvecklat ett banbrytande arbetss\u00e4tt f\u00f6r s\u00e4ker hantering av medicinska bilder och video. Regionen lyfter nu fram nyttan med satsningen och hur bildmaterial hanteras p\u00e5 ett tryggt och effektivt s\u00e4tt. Arbetet fungerar som en f\u00f6rebild f\u00f6r andra regioner hur bildhantering kan framtidss\u00e4kras, patients\u00e4kerheten st\u00e4rkas och remissfl\u00f6den f\u00f6rb\u00e4ttras.<\/strong><\/p>\n<p>Mellan 2016 och 2017 installerade Region V\u00e4rmland ny teknisk utrustning i operationssalarna p\u00e5 Centralsjukhuset i Karlstad. N\u00e4r upphandling och implementering var genomf\u00f6rda stod det klart att det saknades en l\u00f6sning f\u00f6r att lagra och redigera inspelat bild- och videomaterial. Med krav p\u00e5 att kunna lagra medicinskt bildmaterial i upp till sex m\u00e5nader beh\u00f6vde sjukhuset t\u00e4nka om kring sin hantering. L\u00f6sningen blev VidiView fr\u00e5n Distributed Medical. Ett mellanliggande system f\u00f6r s\u00e4ker och regelr\u00e4tt hantering av medicinskt bildmaterial. <\/p>\n<p>Med tiden ledde samarbetet med Distributed Medical till en region\u00f6vergripande implementering av systemet i takt med att den medicintekniska verksamheten str\u00e4vade efter att standardisera hanteringen av bild- och videomaterial. Ambitionen \u00e4r att samtliga verksamheter inom regionen ska anv\u00e4nda VidiView f\u00f6r lagring av medicinska bilder i syfte att st\u00e4rka b\u00e5de patients\u00e4kerhet och dokumentation.<\/p>\n<blockquote><p>&#8220;VidiView \u00e4r v\u00e5r gemensamma l\u00f6sning f\u00f6r all video- och mediahantering. Oavsett vilken verksamhet inom organisationen som genererar videomaterial hanteras det via VidiView f\u00f6r s\u00e4ker l\u00e5ngtidslagring och dokumentation&#8221;, s\u00e4ger Bo Nilsson, verksamhetschef f\u00f6r Medicinsk teknik vid Centralsjukhuset i Karlstad<\/p><\/blockquote>\n<p>F\u00f6r den medicintekniska avdelningen har systemet \u00e4ven inneburit tydliga f\u00f6rdelar. Administrationen av VidiView \u00e4r enkel och kr\u00e4ver minimala centrala resurser, vilket sparar b\u00e5de tid och kostnader f\u00f6r organisationen. Dessutom m\u00f6jligg\u00f6r den s\u00f6ml\u00f6sa integrationen mellan VidiView och journalsystemet effektiva arbetsfl\u00f6den f\u00f6r v\u00e5rdens verksamheter. <\/p>\n<blockquote><p>&#8220;Det handlar om ett samspel mellan Cosmic, PACS och VidiView, tre h\u00f6rnstenar i dokumentationsfl\u00f6det. Den f\u00f6rdefinierade processen inneb\u00e4r att mediadokumentationen b\u00e5de startar och avslutas i journalsystemet&#8221;, f\u00f6rklarar Bo Nilsson<\/p><\/blockquote>\n<p>I dag kan personal p\u00e5 operationsavdelningar, mottagningar och \u00e4ven inom prim\u00e4rv\u00e5rden anv\u00e4nda samma l\u00f6sning f\u00f6r bild- och videodokumentation. Det st\u00e4rker samarbetet mellan verksamheter, b\u00e5de ur ett patients\u00e4kerhetsperspektiv och n\u00e4r det g\u00e4ller arbetsfl\u00f6den f\u00f6r personalen. <\/p>\n<blockquote><p>&#8220;F\u00f6rst skapas en journalanteckning kring patientens unders\u00f6kning. Det genererar en arbetslista i VidiView som ger personalen en tydlig och kvalitetss\u00e4krad \u00f6versikt \u00f6ver aktuella unders\u00f6kningar. Bild-, ljud- och videodokumentation genomf\u00f6rs, materialet lagras p\u00e5 VidiView-servern och \u00f6verf\u00f6rs d\u00e4refter till PACS f\u00f6r l\u00e5ngtidslagring. Slutligen skapas en l\u00e4nk i journalsystemet som visar att unders\u00f6kningen inneh\u00e5ller mediamaterial&#8221;, s\u00e4ger Marie Moberg, systemf\u00f6rvaltare inom Medicinsk teknik vid Centralsjukhuset i Karlstad.<\/p><\/blockquote>\n<p>Med VidiView har Region V\u00e4rmland inte bara l\u00f6st sina utmaningar kring videolagring, utan ocks\u00e5 etablerat en s\u00e4ker och framtidss\u00e4krad plattform f\u00f6r fortsatt utveckling. [\/et_pb_text][\/et_pb_column][et_pb_column type=&#8221;1_2&#8243; _builder_version=&#8221;4.4.1&#8243;][et_pb_image src=&#8221;https:\/\/www.distributedmedical.com\/se\/wp-content\/uploads\/2025\/01\/varmland.png&#8221; _builder_version=&#8221;4.4.1&#8243;][\/et_pb_image][\/et_pb_column][\/et_pb_row][\/et_pb_section][et_pb_section fb_built=&#8221;1&#8243; _builder_version=&#8221;4.4.1&#8243; background_color=&#8221;#5cbfe9&#8243; custom_padding=&#8221;70px||0px||false|false&#8221; top_divider_style=&#8221;arrow3&#8243; top_divider_color=&#8221;#ffffff&#8221; top_divider_height=&#8221;59px&#8221; top_divider_flip=&#8221;horizontal&#8221; bottom_divider_color=&#8221;#0c71c3&#8243;][et_pb_row column_structure=&#8221;1_2,1_2&#8243; _builder_version=&#8221;4.4.1&#8243;][et_pb_column type=&#8221;1_2&#8243; _builder_version=&#8221;4.4.1&#8243;][et_pb_image src=&#8221;https:\/\/www.distributedmedical.com\/se\/wp-content\/uploads\/2025\/04\/mariebo2.png&#8221; url=&#8221;\/stories\/sven&#8221; _builder_version=&#8221;4.4.1&#8243; locked=&#8221;off&#8221;][\/et_pb_image][\/et_pb_column][et_pb_column type=&#8221;1_2&#8243; _builder_version=&#8221;4.4.1&#8243;][et_pb_text _builder_version=&#8221;4.4.1&#8243; background_layout=&#8221;dark&#8221; custom_margin=&#8221;||0px||false|false&#8221; custom_padding=&#8221;||0px||false|false&#8221;]<\/p>\n<h1>Mobil l\u00f6sning f\u00f6r patients\u00e4ker bilddokumentation skapar effektiva arbetsfl\u00f6den i Region V\u00e4rmland <\/h1>\n<p>[\/et_pb_text][et_pb_text _builder_version=&#8221;4.4.1&#8243; background_layout=&#8221;dark&#8221; custom_margin=&#8221;0px||||false|false&#8221; custom_padding=&#8221;0px||||false|false&#8221;]Region V\u00e4rmland har under de senaste \u00e5ren inf\u00f6rt en mobil l\u00f6sning f\u00f6r hantering av patientn\u00e4ra bild- och videounders\u00f6kningar med hj\u00e4lp av systemet VidiView och mobilappen VidiView Capture fr\u00e5n Distributed Medical. L\u00f6sningen fick snabbt stort genomslag och blev en viktig drivkraft f\u00f6r dokumentation av patientunders\u00f6kningar inom flera verksamheter. <\/p>\n<p>Regionen lyfter i dag fram systemets flexibilitet och hur det m\u00f6jligg\u00f6r samarbete med s\u00e4ker bildhantering i fokus. Med VidiView har Region V\u00e4rmland inte bara f\u00e5tt en uppskattad l\u00f6sning f\u00f6r hantering av bild- och videomaterial fr\u00e5n patientunders\u00f6kningar, utan \u00e4ven etablerat en stabil plattform f\u00f6r framtida utveckling och samverkan \u00f6ver verksamhetsgr\u00e4nser. [\/et_pb_text][et_pb_button button_url=&#8221;\/se\/stories\/mariebo2&#8243; button_text=&#8221;L\u00e4s mer&#8221; _builder_version=&#8221;4.4.1&#8243; custom_button=&#8221;on&#8221; button_bg_color=&#8221;#0c71c3&#8243; hover_enabled=&#8221;0&#8243; button_bg_color__hover_enabled=&#8221;on|hover&#8221; button_bg_color__hover=&#8221;#000000&#8243; button_bg_enable_color__hover=&#8221;on&#8221;][\/et_pb_button][\/et_pb_column][\/et_pb_row][\/et_pb_section]<\/p>\n","protected":false},"excerpt":{"rendered":"<p>[et_pb_section fb_built=&#8221;1&#8243; custom_padding_last_edited=&#8221;on|phone&#8221; _builder_version=&#8221;4.4.1&#8243; background_color=&#8221;#1e73be&#8221; custom_margin=&#8221;||0px||false|false&#8221; custom_padding=&#8221;60px||0px||false|false&#8221; custom_padding_tablet=&#8221;50px||||false|false&#8221; custom_padding_phone=&#8221;&#8221;][et_pb_row _builder_version=&#8221;4.4.1&#8243; custom_margin=&#8221;0px||0px||false|false&#8221; custom_padding=&#8221;0px||0px||false|false&#8221;][et_pb_column type=&#8221;4_4&#8243; _builder_version=&#8221;4.4.1&#8243;][et_pb_text _builder_version=&#8221;4.4.1&#8243; background_layout=&#8221;dark&#8221; custom_margin=&#8221;||0px||false|false&#8221; custom_padding=&#8221;||0px||false|false&#8221;] Ber\u00e4ttelser fr\u00e5n v\u00e5ra anv\u00e4ndare [\/et_pb_text][et_pb_text _builder_version=&#8221;4.4.1&#8243; background_layout=&#8221;dark&#8221; custom_margin=&#8221;||10px||false|false&#8221; custom_padding=&#8221;||0px||false|false&#8221;] Ibland har vi anv\u00e4ndningsomr\u00e5den eller kunder som vi \u00e4r extra stolta \u00f6ver och glada att f\u00e5 arbeta med. Det kan handla om l\u00f6sningar eller anv\u00e4ndare som vi upplever [&hellip;]<\/p>\n","protected":false},"author":1,"featured_media":0,"parent":6773,"menu_order":0,"comment_status":"closed","ping_status":"closed","template":"","meta":{"_et_pb_use_builder":"on","_et_pb_old_content":"","_et_gb_content_width":"","footnotes":""},"class_list":["post-7022","page","type-page","status-publish","hentry"],"_links":{"self":[{"href":"https:\/\/www.distributedmedical.com\/se\/wp-json\/wp\/v2\/pages\/7022","targetHints":{"allow":["GET"]}}],"collection":[{"href":"https:\/\/www.distributedmedical.com\/se\/wp-json\/wp\/v2\/pages"}],"about":[{"href":"https:\/\/www.distributedmedical.com\/se\/wp-json\/wp\/v2\/types\/page"}],"author":[{"embeddable":true,"href":"https:\/\/www.distributedmedical.com\/se\/wp-json\/wp\/v2\/users\/1"}],"replies":[{"embeddable":true,"href":"https:\/\/www.distributedmedical.com\/se\/wp-json\/wp\/v2\/comments?post=7022"}],"version-history":[{"count":13,"href":"https:\/\/www.distributedmedical.com\/se\/wp-json\/wp\/v2\/pages\/7022\/revisions"}],"predecessor-version":[{"id":7369,"href":"https:\/\/www.distributedmedical.com\/se\/wp-json\/wp\/v2\/pages\/7022\/revisions\/7369"}],"up":[{"embeddable":true,"href":"https:\/\/www.distributedmedical.com\/se\/wp-json\/wp\/v2\/pages\/6773"}],"wp:attachment":[{"href":"https:\/\/www.distributedmedical.com\/se\/wp-json\/wp\/v2\/media?parent=7022"}],"curies":[{"name":"wp","href":"https:\/\/api.w.org\/{rel}","templated":true}]}}