{"id":34,"date":"2020-04-16T14:52:44","date_gmt":"2020-04-16T12:52:44","guid":{"rendered":"https:\/\/www.distributedmedical.com\/se\/?page_id=34"},"modified":"2026-02-05T15:57:32","modified_gmt":"2026-02-05T14:57:32","slug":"home","status":"publish","type":"page","link":"https:\/\/www.distributedmedical.com\/se\/","title":{"rendered":"Distributed Medical"},"content":{"rendered":"<p>[et_pb_section fb_built=&#8221;1&#8243; custom_padding_last_edited=&#8221;on|desktop&#8221; admin_label=&#8221;Services&#8221; _builder_version=&#8221;4.4.1&#8243; background_color=&#8221;#ffffff&#8221; background_enable_image=&#8221;off&#8221; parallax=&#8221;on&#8221; custom_margin=&#8221;0px||0px||false|false&#8221; custom_padding=&#8221;95px|0px|0px|0px|false|false&#8221; custom_padding_tablet=&#8221;45px||||false|false&#8221; custom_padding_phone=&#8221;&#8221; top_divider_style=&#8221;asymmetric4&#8243; top_divider_color=&#8221;#1e73be&#8221; top_divider_height=&#8221;60px&#8221; top_divider_flip=&#8221;horizontal&#8221; top_divider_style_tablet=&#8221;slant2&#8243; top_divider_style_phone=&#8221;&#8221; top_divider_style_last_edited=&#8221;on|phone&#8221; top_divider_height_tablet=&#8221;30px&#8221; top_divider_height_phone=&#8221;&#8221; top_divider_height_last_edited=&#8221;on|tablet&#8221; bottom_divider_color=&#8221;#1e73be&#8221; border_radii=&#8221;on|3px|3px|3px|3px&#8221; locked=&#8221;off&#8221;][et_pb_row use_custom_gutter=&#8221;on&#8221; gutter_width=&#8221;1&#8243; custom_padding_last_edited=&#8221;on|desktop&#8221; module_id=&#8221;tableFrontpageIntro&#8221; _builder_version=&#8221;4.4.1&#8243; background_enable_color=&#8221;off&#8221; background_image=&#8221;https:\/\/www.distributedmedical.com\/se\/wp-content\/uploads\/2020\/05\/Frontpage-deco-2.png&#8221; background_position=&#8221;top_right&#8221; horizontal_offset=&#8221;8px&#8221; horizontal_offset_tablet=&#8221;0px&#8221; horizontal_offset_phone=&#8221;&#8221; horizontal_offset_last_edited=&#8221;on|phone&#8221; position_origin_a_tablet=&#8221;&#8221; position_origin_a_phone=&#8221;&#8221; position_origin_a_last_edited=&#8221;on|tablet&#8221; position_origin_f_tablet=&#8221;&#8221; position_origin_f_phone=&#8221;&#8221; position_origin_f_last_edited=&#8221;on|tablet&#8221; position_origin_r_tablet=&#8221;&#8221; position_origin_r_phone=&#8221;&#8221; position_origin_r_last_edited=&#8221;on|desktop&#8221; custom_margin=&#8221;||||false|false&#8221; custom_padding=&#8221;0px|0px|130px|0px|false|false&#8221; custom_padding_tablet=&#8221;|0px|0px|0px|false|false&#8221; custom_padding_phone=&#8221;|0px||0px|false|false&#8221; background_last_edited=&#8221;on|desktop&#8221; background_enable_image_tablet=&#8221;off&#8221; positioning_tablet=&#8221;&#8221; positioning_phone=&#8221;&#8221; positioning_last_edited=&#8221;on|tablet&#8221; border_radii=&#8221;on|3px|3px|3px|3px&#8221;][et_pb_column type=&#8221;4_4&#8243; _builder_version=&#8221;4.4.1&#8243; background_enable_color=&#8221;off&#8221; custom_padding=&#8221;0px|0px|0px|0px|false|false&#8221; custom_css_main_element_last_edited=&#8221;on|phone&#8221;][et_pb_text module_id=&#8221;introheader&#8221; _builder_version=&#8221;4.4.1&#8243; text_font=&#8221;|600|||||||&#8221; text_text_color=&#8221;#000000&#8243; text_font_size=&#8221;16px&#8221; text_line_height=&#8221;1.8em&#8221; header_font=&#8221;NeoSansStd-Medium||||||||&#8221; background_enable_color=&#8221;off&#8221; background_layout=&#8221;dark&#8221; max_width=&#8221;45%&#8221; max_width_tablet=&#8221;100%&#8221; max_width_phone=&#8221;&#8221; max_width_last_edited=&#8221;on|desktop&#8221; custom_margin=&#8221;||||false|false&#8221; custom_padding=&#8221;8px|0px|||false|false&#8221; text_orientation_tablet=&#8221;center&#8221; text_orientation_phone=&#8221;center&#8221; text_orientation_last_edited=&#8221;on|desktop&#8221; border_color_all=&#8221;#000000&#8243; locked=&#8221;off&#8221;]<span style=\"font-size: 27px; font-family: NeoSansStd-medium; font-weight: 600;\">Medicinsk bild, video och ljud \u00e4r en av sjukv\u00e5rdens mest v\u00e4rdefulla tillg\u00e5ngar <\/span>[\/et_pb_text][et_pb_text module_id=&#8221;introtext&#8221; _builder_version=&#8221;4.4.1&#8243; text_font=&#8221;Open Sans|600|||||||&#8221; text_text_color=&#8221;#000000&#8243; text_line_height=&#8221;1.8em&#8221; background_enable_color=&#8221;off&#8221; background_layout=&#8221;dark&#8221; max_width=&#8221;39%&#8221; max_width_tablet=&#8221;100%&#8221; max_width_phone=&#8221;&#8221; max_width_last_edited=&#8221;on|phone&#8221; custom_margin=&#8221;||||false|false&#8221; custom_padding=&#8221;8px|0px|||false|false&#8221; hover_enabled=&#8221;0&#8243; text_orientation_tablet=&#8221;center&#8221; text_orientation_phone=&#8221;center&#8221; text_orientation_last_edited=&#8221;on|desktop&#8221; border_color_all=&#8221;#000000&#8243; locked=&#8221;off&#8221;]<\/p>\n<p><span style=\"font-size: 22px;\">Vi hj\u00e4lper v\u00e5ra anv\u00e4ndare att dokumentera, hantera och samarbeta kring medicinsk media p\u00e5 ett <strong>s\u00e4kert<\/strong>, <strong>integrerat<\/strong> och <strong>effektivt<\/strong> s\u00e4tt. Med v\u00e5ra l\u00f6sningar f\u00f6r medicinsk bildhantering och dokumentation skapas b\u00e4ttre arbetsfl\u00f6den, \u00f6kad patients\u00e4kerhet och smidigare samarbete.<\/span><\/p>\n<p>[\/et_pb_text][\/et_pb_column][\/et_pb_row][et_pb_row _builder_version=&#8221;4.4.1&#8243; horizontal_offset=&#8221;0px&#8221; position_origin_a_tablet=&#8221;&#8221; position_origin_a_phone=&#8221;&#8221; position_origin_a_last_edited=&#8221;on|tablet&#8221; position_origin_f_tablet=&#8221;&#8221; position_origin_f_phone=&#8221;&#8221; position_origin_f_last_edited=&#8221;on|tablet&#8221; position_origin_r_tablet=&#8221;&#8221; position_origin_r_phone=&#8221;&#8221; position_origin_r_last_edited=&#8221;on|phone&#8221; width=&#8221;78%&#8221; custom_margin=&#8221;||0px||false|false&#8221; custom_padding=&#8221;||0px||false|false&#8221; positioning_tablet=&#8221;&#8221; positioning_phone=&#8221;&#8221; positioning_last_edited=&#8221;on|tablet&#8221;][et_pb_column type=&#8221;4_4&#8243; _builder_version=&#8221;4.4.1&#8243;][et_pb_image src=&#8221;https:\/\/www.distributedmedical.com\/se\/wp-content\/uploads\/2020\/05\/Frontpage-deco.png&#8221; align=&#8221;center&#8221; disabled_on=&#8221;off|off|on&#8221; _builder_version=&#8221;4.4.1&#8243; custom_padding=&#8221;||25px||false|false&#8221;][\/et_pb_image][\/et_pb_column][\/et_pb_row][\/et_pb_section][et_pb_section fb_built=&#8221;1&#8243; custom_padding_last_edited=&#8221;on|phone&#8221; admin_label=&#8221;Services&#8221; _builder_version=&#8221;4.4.1&#8243; background_enable_color=&#8221;off&#8221; background_image=&#8221;https:\/\/www.distributedmedical.com\/se\/wp-content\/uploads\/2020\/04\/Topbar-image.png&#8221; parallax=&#8221;on&#8221; custom_margin=&#8221;||||false|false&#8221; custom_padding=&#8221;40px|0px|90px|0px|false|false&#8221; custom_padding_tablet=&#8221;45px||||false|false&#8221; custom_padding_phone=&#8221;10px||100px||false|false&#8221; top_divider_height=&#8221;75px&#8221; top_divider_repeat=&#8221;0x&#8221; top_divider_flip=&#8221;vertical|horizontal&#8221; top_divider_style_tablet=&#8221;&#8221; top_divider_style_phone=&#8221;slant2&#8243; top_divider_style_last_edited=&#8221;on|phone&#8221; bottom_divider_style=&#8221;mountains2&#8243; bottom_divider_color=&#8221;#1e73be&#8221; animation_direction=&#8221;bottom&#8221; background_last_edited=&#8221;on|phone&#8221; background_enable_image_phone=&#8221;off&#8221; border_color_all=&#8221;#0c71c3&#8243; locked=&#8221;off&#8221;][et_pb_row column_structure=&#8221;1_3,1_3,1_3&#8243; _builder_version=&#8221;4.4.1&#8243; background_size=&#8221;initial&#8221; background_position=&#8221;top_left&#8221; background_repeat=&#8221;repeat&#8221; custom_padding=&#8221;0px|7px||7px|false|false&#8221;][et_pb_column type=&#8221;1_3&#8243; _builder_version=&#8221;3.25&#8243; background_position=&#8221;top_left&#8221; custom_padding=&#8221;|||&#8221; custom_padding__hover=&#8221;|||&#8221;][et_pb_blurb title=&#8221;Medicinsk bild&#8221; url=&#8221;\/medical-image-management\/&#8221; use_icon=&#8221;on&#8221; font_icon=&#8221;%%99%%&#8221; icon_color=&#8221;#ffffff&#8221; use_icon_font_size=&#8221;on&#8221; icon_font_size=&#8221;60px&#8221; admin_label=&#8221;Service 03&#8243; module_id=&#8221;medicalimageblock&#8221; module_class=&#8221;hyper_this_medicalimage&#8221; _builder_version=&#8221;4.4.1&#8243; header_font=&#8221;NeoSansStd-medium||||||||&#8221; header_text_align=&#8221;left&#8221; header_text_color=&#8221;#ffffff&#8221; header_font_size=&#8221;22px&#8221; header_line_height=&#8221;1.8em&#8221; body_font_size=&#8221;16px&#8221; body_line_height=&#8221;1.9em&#8221; background_color=&#8221;rgba(0,141,210,0.9)&#8221; background_size=&#8221;initial&#8221; background_position=&#8221;top_left&#8221; background_repeat=&#8221;repeat&#8221; text_orientation=&#8221;center&#8221; background_layout=&#8221;dark&#8221; custom_padding=&#8221;25px|15px|10px|15px|false|false&#8221; custom_padding_tablet=&#8221;||20px||false|false&#8221; custom_padding_phone=&#8221;||20px||false|false&#8221; custom_padding_last_edited=&#8221;on|desktop&#8221; animation_style=&#8221;slide&#8221; animation_direction=&#8221;bottom&#8221; animation_duration=&#8221;500ms&#8221; animation=&#8221;off&#8221; custom_css_blurb_image=&#8221;position:absolute;||left:5px;||top:-10px;&#8221; custom_css_blurb_title=&#8221;position:absolute;||left:80px;||width:215px;||text-align:left;||top:18px;||&#8221; custom_css_blurb_content=&#8221;padding-top:60px;&#8221;]<span style=\"font-weight: 400;\">En medicinsk bild har ett begr\u00e4nsat v\u00e4rde om du inte vet f\u00f6r VEM, N\u00c4R och VAD bilden avser. L\u00e4r dig f\u00f6rst\u00e5 hur medicinsk bildhantering kan och b\u00f6r utnyttjas f\u00f6r att omvandla era bilder till en v\u00e4rdefull tillg\u00e5ng!<\/span><\/p>\n<hr \/>\n<p>L\u00e4s mer<i class=\"fa fa-arrow-alt-circle-right\"><\/i>[\/et_pb_blurb][\/et_pb_column][et_pb_column type=&#8221;1_3&#8243; _builder_version=&#8221;3.25&#8243; background_position=&#8221;top_left&#8221; custom_padding=&#8221;|||&#8221; custom_padding__hover=&#8221;|||&#8221;][et_pb_blurb title=&#8221;VidiView&#8221; url=&#8221;\/vidiview\/&#8221; image=&#8221;https:\/\/www.distributedmedical.com\/se\/wp-content\/uploads\/2020\/05\/VidiView-symbol.png&#8221; admin_label=&#8221;Service 02&#8243; module_id=&#8221;vidiviewblock&#8221; module_class=&#8221;hyper_this_vidiview&#8221; _builder_version=&#8221;4.4.1&#8243; header_font=&#8221;NeoSansStd-medium||||||||&#8221; header_text_align=&#8221;left&#8221; header_text_color=&#8221;#ffffff&#8221; header_font_size=&#8221;22px&#8221; header_line_height=&#8221;1.8em&#8221; body_font_size=&#8221;16px&#8221; body_line_height=&#8221;1.9em&#8221; background_color=&#8221;rgba(92,191,233,0.9)&#8221; background_size=&#8221;initial&#8221; background_position=&#8221;top_left&#8221; background_repeat=&#8221;repeat&#8221; text_orientation=&#8221;center&#8221; background_layout=&#8221;dark&#8221; custom_padding=&#8221;20px|15px|10px|15px|false|false&#8221; custom_padding_tablet=&#8221;||20px||false|false&#8221; custom_padding_phone=&#8221;||20px||false|false&#8221; custom_padding_last_edited=&#8221;on|desktop&#8221; animation_style=&#8221;slide&#8221; animation_direction=&#8221;bottom&#8221; animation_duration=&#8221;500ms&#8221; animation=&#8221;off&#8221; custom_css_blurb_image=&#8221;position:absolute;||left:5px;||top:-2px;||width:50px!important;&#8221; custom_css_blurb_title=&#8221;position:absolute;||left:70px;||width:215px;||text-align:left;||top:25px;||&#8221; custom_css_blurb_content=&#8221;padding-top:65px;&#8221;]<span style=\"font-weight: 400;\">Tillv\u00e4xten av bildgivande utrustningar inom v\u00e5rdmilj\u00f6n skapar nya utmaningar f\u00f6r bild och videohantering. Vi erbjuder l\u00f6sningar f\u00f6r smart dokumentation, samarbete och visualisering. Vi erbjuder VidiView! <\/span><\/p>\n<hr \/>\n<p>L\u00e4s mer \u00a0<i class=\"fa fa-arrow-alt-circle-right\"><\/i>[\/et_pb_blurb][\/et_pb_column][et_pb_column type=&#8221;1_3&#8243; module_id=&#8221;frontnewsblock&#8221; _builder_version=&#8221;4.4.1&#8243; background_position=&#8221;top_left&#8221; custom_padding=&#8221;|||&#8221; custom_padding__hover=&#8221;|||&#8221;][et_pb_blog posts_number=&#8221;1&#8243; include_categories=&#8221;1&#8243; show_thumbnail=&#8221;off&#8221; excerpt_length=&#8221;200&#8243; show_author=&#8221;off&#8221; show_date=&#8221;off&#8221; show_categories=&#8221;off&#8221; show_pagination=&#8221;off&#8221; module_id=&#8221;frontnewsblock&#8221; module_class=&#8221;hyper_this_frontnewsblock et-waypoint&#8221; _builder_version=&#8221;4.4.1&#8243; header_level=&#8221;h4&#8243; header_font=&#8221;NeoSansStd-medium||||||||&#8221; header_font_size=&#8221;22px&#8221; header_line_height=&#8221;1.7em&#8221; body_font_size=&#8221;16px&#8221; body_line_height=&#8221;1.9em&#8221; meta_text_align=&#8221;center&#8221; read_more_text_color=&#8221;#ffffff&#8221; background_color=&#8221;rgba(0,141,210,0.9)&#8221; text_orientation=&#8221;center&#8221; background_layout=&#8221;dark&#8221; custom_margin=&#8221;0px||0px||false|false&#8221; custom_padding=&#8221;0px|15px|0px|15px|false|false&#8221; animation_style=&#8221;slide&#8221; animation_direction=&#8221;bottom&#8221; animation_duration=&#8221;500ms&#8221; border_radii_fullwidth=&#8221;on|3px|3px|3px|3px&#8221;][\/et_pb_blog][\/et_pb_column][\/et_pb_row][\/et_pb_section]<\/p>\n","protected":false},"excerpt":{"rendered":"<p>[et_pb_section fb_built=&#8221;1&#8243; custom_padding_last_edited=&#8221;on|desktop&#8221; admin_label=&#8221;Services&#8221; _builder_version=&#8221;4.4.1&#8243; background_color=&#8221;#ffffff&#8221; background_enable_image=&#8221;off&#8221; parallax=&#8221;on&#8221; custom_margin=&#8221;0px||0px||false|false&#8221; custom_padding=&#8221;95px|0px|0px|0px|false|false&#8221; custom_padding_tablet=&#8221;45px||||false|false&#8221; custom_padding_phone=&#8221;&#8221; top_divider_style=&#8221;asymmetric4&#8243; top_divider_color=&#8221;#1e73be&#8221; top_divider_height=&#8221;60px&#8221; top_divider_flip=&#8221;horizontal&#8221; top_divider_style_tablet=&#8221;slant2&#8243; top_divider_style_phone=&#8221;&#8221; top_divider_style_last_edited=&#8221;on|phone&#8221; top_divider_height_tablet=&#8221;30px&#8221; top_divider_height_phone=&#8221;&#8221; top_divider_height_last_edited=&#8221;on|tablet&#8221; bottom_divider_color=&#8221;#1e73be&#8221; border_radii=&#8221;on|3px|3px|3px|3px&#8221; locked=&#8221;off&#8221;][et_pb_row use_custom_gutter=&#8221;on&#8221; gutter_width=&#8221;1&#8243; custom_padding_last_edited=&#8221;on|desktop&#8221; module_id=&#8221;tableFrontpageIntro&#8221; _builder_version=&#8221;4.4.1&#8243; background_enable_color=&#8221;off&#8221; background_image=&#8221;https:\/\/www.distributedmedical.com\/se\/wp-content\/uploads\/2020\/05\/Frontpage-deco-2.png&#8221; background_position=&#8221;top_right&#8221; horizontal_offset=&#8221;8px&#8221; horizontal_offset_tablet=&#8221;0px&#8221; horizontal_offset_phone=&#8221;&#8221; horizontal_offset_last_edited=&#8221;on|phone&#8221; position_origin_a_tablet=&#8221;&#8221; position_origin_a_phone=&#8221;&#8221; position_origin_a_last_edited=&#8221;on|tablet&#8221; position_origin_f_tablet=&#8221;&#8221; position_origin_f_phone=&#8221;&#8221; position_origin_f_last_edited=&#8221;on|tablet&#8221; position_origin_r_tablet=&#8221;&#8221; position_origin_r_phone=&#8221;&#8221; position_origin_r_last_edited=&#8221;on|desktop&#8221; custom_margin=&#8221;||||false|false&#8221; custom_padding=&#8221;0px|0px|130px|0px|false|false&#8221; custom_padding_tablet=&#8221;|0px|0px|0px|false|false&#8221; custom_padding_phone=&#8221;|0px||0px|false|false&#8221; background_last_edited=&#8221;on|desktop&#8221; background_enable_image_tablet=&#8221;off&#8221; positioning_tablet=&#8221;&#8221; positioning_phone=&#8221;&#8221; positioning_last_edited=&#8221;on|tablet&#8221; [&hellip;]<\/p>\n","protected":false},"author":1,"featured_media":0,"parent":0,"menu_order":0,"comment_status":"closed","ping_status":"closed","template":"","meta":{"_et_pb_use_builder":"on","_et_pb_old_content":"","_et_gb_content_width":"","footnotes":""},"class_list":["post-34","page","type-page","status-publish","hentry"],"_links":{"self":[{"href":"https:\/\/www.distributedmedical.com\/se\/wp-json\/wp\/v2\/pages\/34","targetHints":{"allow":["GET"]}}],"collection":[{"href":"https:\/\/www.distributedmedical.com\/se\/wp-json\/wp\/v2\/pages"}],"about":[{"href":"https:\/\/www.distributedmedical.com\/se\/wp-json\/wp\/v2\/types\/page"}],"author":[{"embeddable":true,"href":"https:\/\/www.distributedmedical.com\/se\/wp-json\/wp\/v2\/users\/1"}],"replies":[{"embeddable":true,"href":"https:\/\/www.distributedmedical.com\/se\/wp-json\/wp\/v2\/comments?post=34"}],"version-history":[{"count":220,"href":"https:\/\/www.distributedmedical.com\/se\/wp-json\/wp\/v2\/pages\/34\/revisions"}],"predecessor-version":[{"id":7357,"href":"https:\/\/www.distributedmedical.com\/se\/wp-json\/wp\/v2\/pages\/34\/revisions\/7357"}],"wp:attachment":[{"href":"https:\/\/www.distributedmedical.com\/se\/wp-json\/wp\/v2\/media?parent=34"}],"curies":[{"name":"wp","href":"https:\/\/api.w.org\/{rel}","templated":true}]}}